{"id":2854,"date":"2026-01-05T08:40:00","date_gmt":"2026-01-05T07:40:00","guid":{"rendered":"http:\/\/frmjccentrests.wordpress.com\/?page_id=2854"},"modified":"2026-01-05T14:50:36","modified_gmt":"2026-01-05T13:50:36","slug":"assurance-frmjc-centre","status":"publish","type":"page","link":"https:\/\/frmjccentre.org\/sts\/service-sts\/assurance-frmjc-centre\/","title":{"rendered":"Notre assurance"},"content":{"rendered":"<p style=\"text-align: center;\"><span style=\"color: #000000;\"><strong><strong>\u2014<br \/>\n<\/strong><\/strong><\/span><\/p>\n<p style=\"text-align: center;\"><span style=\"color: #000080;\"><strong>Attestation d&#8217;assurance responsabilit\u00e9 civile<\/strong><\/span><\/p>\n<p style=\"padding-left: 30px;\"><span style=\"color: #000000;\">La FRMJC Centre a souscrit un \u00ab Contrat Risques Autres Que V\u00e9hicule A Moteur des Collectivit\u00e9s \u00bb sous le <strong>num\u00e9ro 0914929 K<\/strong> de la Mutuelle Assurance des Instituteurs de France (<strong>MA\u00cfF<\/strong>).<\/span><\/p>\n<p style=\"padding-left: 30px;\"><span style=\"color: #000000;\">Le contrat garantit les cons\u00e9quences p\u00e9cuniaires de la responsabilit\u00e9 civile que la collectivit\u00e9 ou tout b\u00e9n\u00e9ficiaire des garanties peut encourir \u00e0 l&#8217;\u00e9gard des tiers, lors de la survenance d&#8217;un \u00e9v\u00e9nement de caract\u00e8re accidentel.<\/span><\/p>\n<p style=\"padding-left: 30px;\">Cliquez (<a title=\"ouvrir le lien\" href=\"https:\/\/frmjccentre.org\/sts\/wp-content\/uploads\/2026\/01\/AttestationResponsabiliteCivilegenerale-1.pdf\">ici<\/a>) pour t\u00e9l\u00e9charger l&#8217;attestation.<\/p>\n","protected":false},"excerpt":{"rendered":"<p>\u2014 Attestation d&#8217;assurance responsabilit\u00e9 civile La FRMJC Centre a souscrit un \u00ab Contrat Risques Autres Que V\u00e9hicule A Moteur des Collectivit\u00e9s \u00bb sous le num\u00e9ro 0914929 K de la Mutuelle Assurance des Instituteurs de France (MA\u00cfF). Le contrat garantit les &hellip; <a href=\"https:\/\/frmjccentre.org\/sts\/service-sts\/assurance-frmjc-centre\/\">Continuer la lecture <span class=\"meta-nav\">&rarr;<\/span><\/a><\/p>\n","protected":false},"author":2,"featured_media":0,"parent":6,"menu_order":2,"comment_status":"closed","ping_status":"closed","template":"","meta":{"_crdt_document":"","footnotes":""},"class_list":["post-2854","page","type-page","status-publish","hentry"],"yoast_head":"<!-- This site is optimized with the Yoast SEO plugin v27.5 - https:\/\/yoast.com\/product\/yoast-seo-wordpress\/ -->\n<title>Notre assurance - FRMJC R\u00e9gion Centre - Service Sciences Techniques Soci\u00e9t\u00e9<\/title>\n<meta name=\"description\" content=\"Attestation d&#039;assurance Responsabilit\u00e9 Civile de la FRMJC Centre disponible en t\u00e9l\u00e9chargement pour toutes les activit\u00e9s pratiqu\u00e9es.\" \/>\n<meta name=\"robots\" content=\"index, nofollow, max-snippet:-1, max-image-preview:large, max-video-preview:-1\" \/>\n<link rel=\"canonical\" href=\"https:\/\/frmjccentre.org\/sts\/service-sts\/assurance-frmjc-centre\/\" \/>\n<meta property=\"og:locale\" content=\"fr_FR\" \/>\n<meta property=\"og:type\" content=\"article\" \/>\n<meta property=\"og:title\" content=\"Notre assurance - FRMJC R\u00e9gion Centre - Service Sciences Techniques Soci\u00e9t\u00e9\" \/>\n<meta property=\"og:description\" content=\"Attestation d&#039;assurance Responsabilit\u00e9 Civile de la FRMJC Centre disponible en t\u00e9l\u00e9chargement pour toutes les activit\u00e9s pratiqu\u00e9es.\" \/>\n<meta property=\"og:url\" content=\"https:\/\/frmjccentre.org\/sts\/service-sts\/assurance-frmjc-centre\/\" \/>\n<meta property=\"og:site_name\" content=\"FRMJC R\u00e9gion Centre - Service Sciences Techniques Soci\u00e9t\u00e9\" \/>\n<meta property=\"article:publisher\" content=\"https:\/\/www.facebook.com\/Frmjccentrests\/\" \/>\n<meta property=\"article:modified_time\" content=\"2026-01-05T13:50:36+00:00\" \/>\n<meta name=\"twitter:card\" content=\"summary_large_image\" \/>\n<meta name=\"twitter:site\" content=\"@FRMJCSTS\" \/>\n<meta name=\"twitter:label1\" content=\"Dur\u00e9e de lecture estim\u00e9e\" \/>\n\t<meta name=\"twitter:data1\" content=\"1 minute\" \/>\n<script type=\"application\/ld+json\" class=\"yoast-schema-graph\">{\"@context\":\"https:\\\/\\\/schema.org\",\"@graph\":[{\"@type\":\"WebPage\",\"@id\":\"https:\\\/\\\/frmjccentre.org\\\/sts\\\/service-sts\\\/assurance-frmjc-centre\\\/\",\"url\":\"https:\\\/\\\/frmjccentre.org\\\/sts\\\/service-sts\\\/assurance-frmjc-centre\\\/\",\"name\":\"Notre assurance - FRMJC R\u00e9gion Centre - Service Sciences Techniques Soci\u00e9t\u00e9\",\"isPartOf\":{\"@id\":\"https:\\\/\\\/frmjccentre.org\\\/sts\\\/#website\"},\"datePublished\":\"2026-01-05T07:40:00+00:00\",\"dateModified\":\"2026-01-05T13:50:36+00:00\",\"description\":\"Attestation d'assurance Responsabilit\u00e9 Civile de la FRMJC Centre disponible en t\u00e9l\u00e9chargement pour toutes les activit\u00e9s pratiqu\u00e9es.\",\"breadcrumb\":{\"@id\":\"https:\\\/\\\/frmjccentre.org\\\/sts\\\/service-sts\\\/assurance-frmjc-centre\\\/#breadcrumb\"},\"inLanguage\":\"fr-FR\",\"potentialAction\":[{\"@type\":\"ReadAction\",\"target\":[\"https:\\\/\\\/frmjccentre.org\\\/sts\\\/service-sts\\\/assurance-frmjc-centre\\\/\"]}]},{\"@type\":\"BreadcrumbList\",\"@id\":\"https:\\\/\\\/frmjccentre.org\\\/sts\\\/service-sts\\\/assurance-frmjc-centre\\\/#breadcrumb\",\"itemListElement\":[{\"@type\":\"ListItem\",\"position\":1,\"name\":\"Accueil\",\"item\":\"https:\\\/\\\/frmjccentre.org\\\/sts\\\/\"},{\"@type\":\"ListItem\",\"position\":2,\"name\":\"Le service STS\",\"item\":\"https:\\\/\\\/frmjccentre.org\\\/sts\\\/service-sts\\\/\"},{\"@type\":\"ListItem\",\"position\":3,\"name\":\"Notre assurance\"}]},{\"@type\":\"WebSite\",\"@id\":\"https:\\\/\\\/frmjccentre.org\\\/sts\\\/#website\",\"url\":\"https:\\\/\\\/frmjccentre.org\\\/sts\\\/\",\"name\":\"FRMJC R\u00e9gion Centre - Service Sciences Techniques Soci\u00e9t\u00e9\",\"description\":\"Une \u00e9quipe de professionnels de la m\u00e9diation.\",\"publisher\":{\"@id\":\"https:\\\/\\\/frmjccentre.org\\\/sts\\\/#organization\"},\"potentialAction\":[{\"@type\":\"SearchAction\",\"target\":{\"@type\":\"EntryPoint\",\"urlTemplate\":\"https:\\\/\\\/frmjccentre.org\\\/sts\\\/?s={search_term_string}\"},\"query-input\":{\"@type\":\"PropertyValueSpecification\",\"valueRequired\":true,\"valueName\":\"search_term_string\"}}],\"inLanguage\":\"fr-FR\"},{\"@type\":\"Organization\",\"@id\":\"https:\\\/\\\/frmjccentre.org\\\/sts\\\/#organization\",\"name\":\"FRMJC CENTRE\",\"url\":\"https:\\\/\\\/frmjccentre.org\\\/sts\\\/\",\"logo\":{\"@type\":\"ImageObject\",\"inLanguage\":\"fr-FR\",\"@id\":\"https:\\\/\\\/frmjccentre.org\\\/sts\\\/#\\\/schema\\\/logo\\\/image\\\/\",\"url\":\"https:\\\/\\\/frmjccentre.org\\\/sts\\\/wp-content\\\/uploads\\\/2017\\\/06\\\/logo-Frmjc-Centre-GIF-300ppp.gif\",\"contentUrl\":\"https:\\\/\\\/frmjccentre.org\\\/sts\\\/wp-content\\\/uploads\\\/2017\\\/06\\\/logo-Frmjc-Centre-GIF-300ppp.gif\",\"width\":3508,\"height\":2480,\"caption\":\"FRMJC CENTRE\"},\"image\":{\"@id\":\"https:\\\/\\\/frmjccentre.org\\\/sts\\\/#\\\/schema\\\/logo\\\/image\\\/\"},\"sameAs\":[\"https:\\\/\\\/www.facebook.com\\\/Frmjccentrests\\\/\",\"https:\\\/\\\/x.com\\\/FRMJCSTS\"]}]}<\/script>\n<!-- \/ Yoast SEO plugin. -->","yoast_head_json":{"title":"Notre assurance - FRMJC R\u00e9gion Centre - Service Sciences Techniques Soci\u00e9t\u00e9","description":"Attestation d'assurance Responsabilit\u00e9 Civile de la FRMJC Centre disponible en t\u00e9l\u00e9chargement pour toutes les activit\u00e9s pratiqu\u00e9es.","robots":{"index":"index","follow":"nofollow","max-snippet":"max-snippet:-1","max-image-preview":"max-image-preview:large","max-video-preview":"max-video-preview:-1"},"canonical":"https:\/\/frmjccentre.org\/sts\/service-sts\/assurance-frmjc-centre\/","og_locale":"fr_FR","og_type":"article","og_title":"Notre assurance - FRMJC R\u00e9gion Centre - Service Sciences Techniques Soci\u00e9t\u00e9","og_description":"Attestation d'assurance Responsabilit\u00e9 Civile de la FRMJC Centre disponible en t\u00e9l\u00e9chargement pour toutes les activit\u00e9s pratiqu\u00e9es.","og_url":"https:\/\/frmjccentre.org\/sts\/service-sts\/assurance-frmjc-centre\/","og_site_name":"FRMJC R\u00e9gion Centre - Service Sciences Techniques Soci\u00e9t\u00e9","article_publisher":"https:\/\/www.facebook.com\/Frmjccentrests\/","article_modified_time":"2026-01-05T13:50:36+00:00","twitter_card":"summary_large_image","twitter_site":"@FRMJCSTS","twitter_misc":{"Dur\u00e9e de lecture estim\u00e9e":"1 minute"},"schema":{"@context":"https:\/\/schema.org","@graph":[{"@type":"WebPage","@id":"https:\/\/frmjccentre.org\/sts\/service-sts\/assurance-frmjc-centre\/","url":"https:\/\/frmjccentre.org\/sts\/service-sts\/assurance-frmjc-centre\/","name":"Notre assurance - FRMJC R\u00e9gion Centre - Service Sciences Techniques Soci\u00e9t\u00e9","isPartOf":{"@id":"https:\/\/frmjccentre.org\/sts\/#website"},"datePublished":"2026-01-05T07:40:00+00:00","dateModified":"2026-01-05T13:50:36+00:00","description":"Attestation d'assurance Responsabilit\u00e9 Civile de la FRMJC Centre disponible en t\u00e9l\u00e9chargement pour toutes les activit\u00e9s pratiqu\u00e9es.","breadcrumb":{"@id":"https:\/\/frmjccentre.org\/sts\/service-sts\/assurance-frmjc-centre\/#breadcrumb"},"inLanguage":"fr-FR","potentialAction":[{"@type":"ReadAction","target":["https:\/\/frmjccentre.org\/sts\/service-sts\/assurance-frmjc-centre\/"]}]},{"@type":"BreadcrumbList","@id":"https:\/\/frmjccentre.org\/sts\/service-sts\/assurance-frmjc-centre\/#breadcrumb","itemListElement":[{"@type":"ListItem","position":1,"name":"Accueil","item":"https:\/\/frmjccentre.org\/sts\/"},{"@type":"ListItem","position":2,"name":"Le service STS","item":"https:\/\/frmjccentre.org\/sts\/service-sts\/"},{"@type":"ListItem","position":3,"name":"Notre assurance"}]},{"@type":"WebSite","@id":"https:\/\/frmjccentre.org\/sts\/#website","url":"https:\/\/frmjccentre.org\/sts\/","name":"FRMJC R\u00e9gion Centre - Service Sciences Techniques Soci\u00e9t\u00e9","description":"Une \u00e9quipe de professionnels de la m\u00e9diation.","publisher":{"@id":"https:\/\/frmjccentre.org\/sts\/#organization"},"potentialAction":[{"@type":"SearchAction","target":{"@type":"EntryPoint","urlTemplate":"https:\/\/frmjccentre.org\/sts\/?s={search_term_string}"},"query-input":{"@type":"PropertyValueSpecification","valueRequired":true,"valueName":"search_term_string"}}],"inLanguage":"fr-FR"},{"@type":"Organization","@id":"https:\/\/frmjccentre.org\/sts\/#organization","name":"FRMJC CENTRE","url":"https:\/\/frmjccentre.org\/sts\/","logo":{"@type":"ImageObject","inLanguage":"fr-FR","@id":"https:\/\/frmjccentre.org\/sts\/#\/schema\/logo\/image\/","url":"https:\/\/frmjccentre.org\/sts\/wp-content\/uploads\/2017\/06\/logo-Frmjc-Centre-GIF-300ppp.gif","contentUrl":"https:\/\/frmjccentre.org\/sts\/wp-content\/uploads\/2017\/06\/logo-Frmjc-Centre-GIF-300ppp.gif","width":3508,"height":2480,"caption":"FRMJC CENTRE"},"image":{"@id":"https:\/\/frmjccentre.org\/sts\/#\/schema\/logo\/image\/"},"sameAs":["https:\/\/www.facebook.com\/Frmjccentrests\/","https:\/\/x.com\/FRMJCSTS"]}]}},"jetpack_sharing_enabled":false,"jetpack_shortlink":"https:\/\/wp.me\/PgjY92-K2","jetpack-related-posts":[],"_links":{"self":[{"href":"https:\/\/frmjccentre.org\/sts\/wp-json\/wp\/v2\/pages\/2854","targetHints":{"allow":["GET"]}}],"collection":[{"href":"https:\/\/frmjccentre.org\/sts\/wp-json\/wp\/v2\/pages"}],"about":[{"href":"https:\/\/frmjccentre.org\/sts\/wp-json\/wp\/v2\/types\/page"}],"author":[{"embeddable":true,"href":"https:\/\/frmjccentre.org\/sts\/wp-json\/wp\/v2\/users\/2"}],"replies":[{"embeddable":true,"href":"https:\/\/frmjccentre.org\/sts\/wp-json\/wp\/v2\/comments?post=2854"}],"version-history":[{"count":12,"href":"https:\/\/frmjccentre.org\/sts\/wp-json\/wp\/v2\/pages\/2854\/revisions"}],"predecessor-version":[{"id":9856,"href":"https:\/\/frmjccentre.org\/sts\/wp-json\/wp\/v2\/pages\/2854\/revisions\/9856"}],"up":[{"embeddable":true,"href":"https:\/\/frmjccentre.org\/sts\/wp-json\/wp\/v2\/pages\/6"}],"wp:attachment":[{"href":"https:\/\/frmjccentre.org\/sts\/wp-json\/wp\/v2\/media?parent=2854"}],"curies":[{"name":"wp","href":"https:\/\/api.w.org\/{rel}","templated":true}]}}